{"id":9946,"date":"2022-10-09T09:43:46","date_gmt":"2022-10-09T09:43:46","guid":{"rendered":"https:\/\/soleilsky.com.tr\/shop\/?post_type=product&#038;p=9946"},"modified":"2023-10-02T14:39:43","modified_gmt":"2023-10-02T14:39:43","slug":"dji-mavic-2-enterprise-fly-more-kit","status":"publish","type":"product","link":"https:\/\/soleilsky.com.tr\/shop\/urun\/dji-mavic-2-enterprise-fly-more-kit\/","title":{"rendered":"Dji Mavic 2 Enterprise Fly More Kit"},"content":{"rendered":"<p><b>DJI Mavic 2 Enterprise Part1 Fly More Kit<\/b><\/p>\n<hr \/>\n<p>Mavic 2 Fly More Kit, iki Ak\u0131ll\u0131 U\u00e7u\u015f Pili, Mavic 2 Ara\u00e7 \u015earj Cihaz\u0131, Batarya \u015earj Merkezi, G\u00fc\u00e7 Bankas\u0131 Adapt\u00f6r\u00fcne Batarya, D\u00fc\u015f\u00fck G\u00fcr\u00fclt\u00fcl\u00fc Pervaneler ve Mavic 2 Omuz \u00c7antas\u0131 ile \u00e7ekim s\u0131ras\u0131nda kapsaml\u0131 destek sunar.<\/p>\n<p>Her iki Ak\u0131ll\u0131 U\u00e7u\u015f Ak\u00fcs\u00fc de 59,29 Wh&#8217;a kadar kapasiteye sahip ve her biri 31 dakikal\u0131k bir maksimum u\u00e7u\u015f s\u00fcresine sahip. Dahili bir DJI Ak\u0131ll\u0131 Pil Y\u00f6netim Sistemi ile pil durumu ger\u00e7ek zamanl\u0131 olarak izlenir ve raporlan\u0131r, b\u00f6ylece g\u00fc\u00e7 seviyelerinize daha az odaklanman\u0131za ve epik bir u\u00e7u\u015fa odaklanman\u0131za olanak tan\u0131r.<\/p>\n<p>Mavic 2 Ara\u00e7 \u015earj Cihaz\u0131, s\u00fcr\u00fc\u015f s\u0131ras\u0131nda ak\u00fcleri \u015farj etmenize olanak tan\u0131r ve 80W&#8217;a kadar maksimum \u00e7\u0131k\u0131\u015f g\u00fcc\u00fcne sahiptir ve \u015farj\u0131n arac\u0131n\u0131z\u0131n normal \u015fekilde \u00e7al\u0131\u015fmas\u0131n\u0131 engellememesini sa\u011flayan d\u00fc\u015f\u00fck voltaj koruma teknolojisine sahiptir.<\/p>\n<p>Batarya \u015earj Hub&#8217;\u0131, bataryalar\u0131 kalan g\u00fc\u00e7 seviyelerine g\u00f6re s\u0131ral\u0131 olarak \u015farj ederek verimlili\u011fi art\u0131r\u0131r, daha \u00f6nce tam \u015farj edilmi\u015f bataryalar \u00f6nce g\u00fc\u00e7 al\u0131r. Battery Charging Hub\u2019\u0131n katlanabilir tasar\u0131m\u0131 sayesinde, gitti\u011finiz her yere g\u00f6t\u00fcrebilirsiniz. Ara\u00e7 \u015earj Cihaz\u0131 veya Ak\u00fc \u015earj Cihaz\u0131 ile birlikte kullan\u0131rken d\u00f6rt adede kadar \u015farj portunun keyfini \u00e7\u0131karabilirsiniz.<\/p>\n<p>G\u00fc\u00e7 Bankas\u0131 Adapt\u00f6r\u00fcne Ak\u00fc, Ak\u0131ll\u0131 U\u00e7u\u015f Pillerinizi y\u00fcksek kapasiteli g\u00fc\u00e7 banklar\u0131na d\u00f6n\u00fc\u015ft\u00fcr\u00fcr. Her bir Power to Power Bank Adapt\u00f6r\u00fc, 10 W \u00e7ift \u00e7\u0131k\u0131\u015f sunan ve bir pili yaln\u0131zca% 20&#8217;sini kullanarak bir ak\u0131ll\u0131 telefonu tam olarak \u015farj etmenizi sa\u011flayan iki adet USB A Tipi ba\u011flant\u0131 noktas\u0131na sahiptir.<\/p>\n<p>\u0130ki \u00e7ift de D\u00fc\u015f\u00fck G\u00fcr\u00fclt\u00fcl\u00fc Pervane seti de geliyor. Bu yeni nesil pervaneler daha sessiz bir u\u00e7u\u015f, daha y\u00fcksek verimlilik ve uzun u\u00e7u\u015f s\u00fcresi sa\u011flayan yepyeni bir aerodinamik tasar\u0131m benimsemi\u015ftir.<\/p>\n<p>\u00c7ok y\u00f6nl\u00fc Mavic 2 Omuz \u00c7antas\u0131, Mavic 2 i\u00e7in \u00f6zel olarak tasarlanm\u0131\u015ft\u0131r. Bir u\u00e7ak, bir uzaktan kumanda, d\u00f6rt Ak\u0131ll\u0131 U\u00e7u\u015f Pili, bir ak\u0131ll\u0131 telefon, ekstra pervaneler, ND filtreleri, kablolar, microSD kartlar ve di\u011fer bir\u00e7ok aksesuar\u0131 tutabilir.<\/p>\n<p>\u00d6nemli<br \/>\nDaha uzun bir u\u00e7u\u015f i\u00e7in \u00c7oklu Ak\u0131ll\u0131 U\u00e7u\u015f Pilleri<br \/>\nS\u00fcr\u00fc\u015f s\u0131ras\u0131nda pilleri \u015farj etme<br \/>\nPillerinizi g\u00fc\u00e7 bankalar\u0131na d\u00f6n\u00fc\u015ft\u00fcr\u00fcn<br \/>\nDaha sessiz u\u00e7u\u015f i\u00e7in d\u00fc\u015f\u00fck g\u00fcr\u00fclt\u00fcl\u00fc pervaneler<br \/>\nHer \u015feyi ta\u015f\u0131mak i\u00e7in \u00e7ok y\u00f6nl\u00fc bir omuz \u00e7antas\u0131<\/p>\n<hr \/>\n<p>\u2022Ak\u0131ll\u0131 U\u00e7u\u015f Pilleri \u00d7 2<br \/>\n\u2022Mavic 2 Ara\u00e7 \u015earj Cihaz\u0131 \u00d7 1<br \/>\n\u2022Ak\u00fc \u015earj Merkezi \u00d7 1<br \/>\n\u2022G\u00fc\u00e7 Bankas\u0131 Adapt\u00f6r\u00fcne Ak\u00fc \u00d7 1<br \/>\n\u2022D\u00fc\u015f\u00fck G\u00fcr\u00fclt\u00fcl\u00fc Pervaneler \u00d7 2 \u00c7ift<br \/>\n\u2022Mavic 2 Omuz \u00c7antas\u0131 \u00d7 1<\/p>\n","protected":false},"excerpt":{"rendered":"<p>DJI Mavic 2 Enterprise Part1 Fly More Kit Mavic 2 Fly More Kit, iki Ak\u0131ll\u0131 U\u00e7u\u015f Pili, Mavic 2 Ara\u00e7 \u015earj Cihaz\u0131, Batarya \u015earj Merkezi, G\u00fc\u00e7 Bankas\u0131 Adapt\u00f6r\u00fcne Batarya, D\u00fc\u015f\u00fck G\u00fcr\u00fclt\u00fcl\u00fc Pervaneler ve Mavic 2 Omuz \u00c7antas\u0131 ile \u00e7ekim s\u0131ras\u0131nda kapsaml\u0131 destek sunar. Her iki Ak\u0131ll\u0131 U\u00e7u\u015f Ak\u00fcs\u00fc de 59,29 Wh&#8217;a kadar kapasiteye sahip ve&#8230;<\/p>\n","protected":false},"featured_media":9947,"comment_status":"open","ping_status":"closed","template":"","meta":[],"product_cat":[226],"product_tag":[],"_links":{"self":[{"href":"https:\/\/soleilsky.com.tr\/shop\/wp-json\/wp\/v2\/product\/9946"}],"collection":[{"href":"https:\/\/soleilsky.com.tr\/shop\/wp-json\/wp\/v2\/product"}],"about":[{"href":"https:\/\/soleilsky.com.tr\/shop\/wp-json\/wp\/v2\/types\/product"}],"replies":[{"embeddable":true,"href":"https:\/\/soleilsky.com.tr\/shop\/wp-json\/wp\/v2\/comments?post=9946"}],"wp:featuredmedia":[{"embeddable":true,"href":"https:\/\/soleilsky.com.tr\/shop\/wp-json\/wp\/v2\/media\/9947"}],"wp:attachment":[{"href":"https:\/\/soleilsky.com.tr\/shop\/wp-json\/wp\/v2\/media?parent=9946"}],"wp:term":[{"taxonomy":"product_cat","embeddable":true,"href":"https:\/\/soleilsky.com.tr\/shop\/wp-json\/wp\/v2\/product_cat?post=9946"},{"taxonomy":"product_tag","embeddable":true,"href":"https:\/\/soleilsky.com.tr\/shop\/wp-json\/wp\/v2\/product_tag?post=9946"}],"curies":[{"name":"wp","href":"https:\/\/api.w.org\/{rel}","templated":true}]}}