{"id":9948,"date":"2022-10-09T09:47:03","date_gmt":"2022-10-09T09:47:03","guid":{"rendered":"https:\/\/soleilsky.com.tr\/shop\/?post_type=product&#038;p=9948"},"modified":"2023-10-02T14:38:55","modified_gmt":"2023-10-02T14:38:55","slug":"dji-mavic-2-pervane-dusuk-gurultulu-pervane","status":"publish","type":"product","link":"https:\/\/soleilsky.com.tr\/shop\/urun\/dji-mavic-2-pervane-dusuk-gurultulu-pervane\/","title":{"rendered":"DJI Mavic 2 Pervane D\u00fc\u015f\u00fck G\u00fcr\u00fclt\u00fcl\u00fc Pervane"},"content":{"rendered":"<p>Genel Bak\u0131\u015f<\/p>\n<p>Bu yeni nesil pervaneler daha sessiz bir u\u00e7u\u015f, daha y\u00fcksek verimlilik ve uzun u\u00e7u\u015f s\u00fcresi sa\u011flayan yepyeni bir aerodinamik tasar\u0131m benimsemi\u015ftir.<\/p>\n<p>\u00d6nemli<\/p>\n<p>Klasik h\u0131zl\u0131 b\u0131rakma tasar\u0131m\u0131<br \/>\nDaha sessiz ve daha uzun u\u00e7u\u015f<\/p>\n<p>Paket \u0130\u00e7eri\u011fi<\/p>\n<p>Pervane (\u00e7ift) \u00d7 1<\/p>\n<p>\u00d6zellikler<\/p>\n<p>Model: 8743 D\u00fc\u015f\u00fck G\u00fcr\u00fclt\u00fcl\u00fc Pervane<br \/>\n\u00c7ap\u0131 \u00d7 \u0130plik Aral\u0131\u011f\u0131: 8,7 \u00d7 4,3 in\u00e7 (22,00 \u00d7 10,92 cm)<br \/>\nA\u011f\u0131rl\u0131k: Her biri i\u00e7in 7,9 g<\/p>\n<p>Uyumluluk<\/p>\n<p>Mavic 2 Serisi<\/p>\n","protected":false},"excerpt":{"rendered":"<p>Genel Bak\u0131\u015f Bu yeni nesil pervaneler daha sessiz bir u\u00e7u\u015f, daha y\u00fcksek verimlilik ve uzun u\u00e7u\u015f s\u00fcresi sa\u011flayan yepyeni bir aerodinamik tasar\u0131m benimsemi\u015ftir. \u00d6nemli Klasik h\u0131zl\u0131 b\u0131rakma tasar\u0131m\u0131 Daha sessiz ve daha uzun u\u00e7u\u015f Paket \u0130\u00e7eri\u011fi Pervane (\u00e7ift) \u00d7 1 \u00d6zellikler Model: 8743 D\u00fc\u015f\u00fck G\u00fcr\u00fclt\u00fcl\u00fc Pervane \u00c7ap\u0131 \u00d7 \u0130plik Aral\u0131\u011f\u0131: 8,7 \u00d7 4,3 in\u00e7 (22,00&#8230;<\/p>\n","protected":false},"featured_media":9950,"comment_status":"open","ping_status":"closed","template":"","meta":[],"product_cat":[256],"product_tag":[],"_links":{"self":[{"href":"https:\/\/soleilsky.com.tr\/shop\/wp-json\/wp\/v2\/product\/9948"}],"collection":[{"href":"https:\/\/soleilsky.com.tr\/shop\/wp-json\/wp\/v2\/product"}],"about":[{"href":"https:\/\/soleilsky.com.tr\/shop\/wp-json\/wp\/v2\/types\/product"}],"replies":[{"embeddable":true,"href":"https:\/\/soleilsky.com.tr\/shop\/wp-json\/wp\/v2\/comments?post=9948"}],"wp:featuredmedia":[{"embeddable":true,"href":"https:\/\/soleilsky.com.tr\/shop\/wp-json\/wp\/v2\/media\/9950"}],"wp:attachment":[{"href":"https:\/\/soleilsky.com.tr\/shop\/wp-json\/wp\/v2\/media?parent=9948"}],"wp:term":[{"taxonomy":"product_cat","embeddable":true,"href":"https:\/\/soleilsky.com.tr\/shop\/wp-json\/wp\/v2\/product_cat?post=9948"},{"taxonomy":"product_tag","embeddable":true,"href":"https:\/\/soleilsky.com.tr\/shop\/wp-json\/wp\/v2\/product_tag?post=9948"}],"curies":[{"name":"wp","href":"https:\/\/api.w.org\/{rel}","templated":true}]}}