{"id":9952,"date":"2022-10-09T09:49:46","date_gmt":"2022-10-09T09:49:46","guid":{"rendered":"https:\/\/soleilsky.com.tr\/shop\/?post_type=product&#038;p=9952"},"modified":"2023-10-02T14:37:59","modified_gmt":"2023-10-02T14:37:59","slug":"dji-phantom-4-pro-part-64-batarya-5870mah","status":"publish","type":"product","link":"https:\/\/soleilsky.com.tr\/shop\/urun\/dji-phantom-4-pro-part-64-batarya-5870mah\/","title":{"rendered":"DJI Phantom 4 Pro Part 64 Batarya 5870mAH"},"content":{"rendered":"<p>\u00dcr\u00fcn A\u00e7\u0131klamas\u0131<br \/>\nProfesyonel hava g\u00f6r\u00fcnt\u00fclemesi, daha uzun u\u00e7u\u015f s\u00fcreleri i\u00e7in haz\u0131rlanan bataryalar, Phantom 4 Pro\u2019ya 30 dakikal\u0131k maksimum u\u00e7u\u015f s\u00fcresi ve m\u00fckemmel \u00e7ekimi yakalamak i\u00e7in havada daha fazla kalman\u0131z\u0131 sa\u011flar. DJI GO 4 uygulamas\u0131 \u00fczerinden pil \u00f6mr\u00fcn\u00fc g\u00f6rebilir ve kalan u\u00e7u\u015f zamanlar\u0131na g\u00f6re gidilen mesafeyi ve daha fazlas\u0131n\u0131 hesaplayabilirisniz. Kalk\u0131\u015f noktas\u0131na g\u00fcvenli bir yolculuk i\u00e7in gerekli olan minimum batarya miktara ula\u015ft\u0131\u011f\u0131nda uygulama \u00fczerinden uyar\u0131lar al\u0131rs\u0131n\u0131z. A\u015f\u0131r\u0131 \u015farj etmeyi ve a\u015f\u0131r\u0131 tahliyeyi \u00f6nlemek i\u00e7in geli\u015fmi\u015f bir batarya y\u00f6netim sistemi de mevcuttur. Uzun s\u00fcreli depolamada piller batarya \u00f6mr\u00fcn\u00fc kaybetmemek i\u00e7indeki g\u00fcc\u00fc bo\u015faltacakt\u0131r.<\/p>\n<hr \/>\n<p>\u00d6ne \u00c7\u0131kan \u00d6zellikler<br \/>\n30 dakika u\u00e7u\u015f s\u00fcresi<br \/>\nBatarya durumunu DJI GO app \u00fczerinden g\u00f6rebilirsiniz<br \/>\nOtomaik pil bo\u015faltma \u00f6zelli\u011fi ile bataryan\u0131z koruma alt\u0131nda<br \/>\nFazla sarj koruma \u00f6zelli\u011fi sayesinde bataryan\u0131z koruma alt\u0131nda.<br \/>\nKutu \u0130\u00e7eri\u011fi<br \/>\nPhantom 4 Serisi &#8211; Intelligent Flight Battery (5870mAh, Y\u00fcksek Kapasite) \u00d71<\/p>\n<hr \/>\n<p>Teknik \u00d6zellikler<br \/>\nKapasite: 5870 mAh<br \/>\nVoltaj: 15.2 V<br \/>\nBatarya Tipi: LiPo 4S<br \/>\nEnerji: 89.2 Wh<br \/>\nNet A\u011f\u0131rl\u0131k: 468 g<br \/>\nSarj S\u0131cakl\u0131\u011f\u0131: 41\u00b0 &#8211; 104\u00b0F (5\u00b0 &#8211; 40\u00b0C)<br \/>\nMax Sarj G\u00fcc\u00fc: 160 W<\/p>\n<hr \/>\n<p>Uyumluluk<br \/>\nPhantom 4 Serisi:<br \/>\nPhantom 4 Serisi Battery Charging Hub<br \/>\nPhantom 4 Series Car Charger<br \/>\nPhantom 4 Series 100W Battery Charger<\/p>\n","protected":false},"excerpt":{"rendered":"<p>\u00dcr\u00fcn A\u00e7\u0131klamas\u0131 Profesyonel hava g\u00f6r\u00fcnt\u00fclemesi, daha uzun u\u00e7u\u015f s\u00fcreleri i\u00e7in haz\u0131rlanan bataryalar, Phantom 4 Pro\u2019ya 30 dakikal\u0131k maksimum u\u00e7u\u015f s\u00fcresi ve m\u00fckemmel \u00e7ekimi yakalamak i\u00e7in havada daha fazla kalman\u0131z\u0131 sa\u011flar. DJI GO 4 uygulamas\u0131 \u00fczerinden pil \u00f6mr\u00fcn\u00fc g\u00f6rebilir ve kalan u\u00e7u\u015f zamanlar\u0131na g\u00f6re gidilen mesafeyi ve daha fazlas\u0131n\u0131 hesaplayabilirisniz. Kalk\u0131\u015f noktas\u0131na g\u00fcvenli bir yolculuk i\u00e7in&#8230;<\/p>\n","protected":false},"featured_media":9953,"comment_status":"open","ping_status":"closed","template":"","meta":[],"product_cat":[239],"product_tag":[],"_links":{"self":[{"href":"https:\/\/soleilsky.com.tr\/shop\/wp-json\/wp\/v2\/product\/9952"}],"collection":[{"href":"https:\/\/soleilsky.com.tr\/shop\/wp-json\/wp\/v2\/product"}],"about":[{"href":"https:\/\/soleilsky.com.tr\/shop\/wp-json\/wp\/v2\/types\/product"}],"replies":[{"embeddable":true,"href":"https:\/\/soleilsky.com.tr\/shop\/wp-json\/wp\/v2\/comments?post=9952"}],"wp:featuredmedia":[{"embeddable":true,"href":"https:\/\/soleilsky.com.tr\/shop\/wp-json\/wp\/v2\/media\/9953"}],"wp:attachment":[{"href":"https:\/\/soleilsky.com.tr\/shop\/wp-json\/wp\/v2\/media?parent=9952"}],"wp:term":[{"taxonomy":"product_cat","embeddable":true,"href":"https:\/\/soleilsky.com.tr\/shop\/wp-json\/wp\/v2\/product_cat?post=9952"},{"taxonomy":"product_tag","embeddable":true,"href":"https:\/\/soleilsky.com.tr\/shop\/wp-json\/wp\/v2\/product_tag?post=9952"}],"curies":[{"name":"wp","href":"https:\/\/api.w.org\/{rel}","templated":true}]}}