{"id":9954,"date":"2022-10-09T09:54:57","date_gmt":"2022-10-09T09:54:57","guid":{"rendered":"https:\/\/soleilsky.com.tr\/shop\/?post_type=product&#038;p=9954"},"modified":"2023-10-02T14:37:39","modified_gmt":"2023-10-02T14:37:39","slug":"dji-phantom-4-battery-charging-hub","status":"publish","type":"product","link":"https:\/\/soleilsky.com.tr\/shop\/urun\/dji-phantom-4-battery-charging-hub\/","title":{"rendered":"DJI Phantom 4  Battery Charging Hub"},"content":{"rendered":"<div class=\"col-md-6 col-xs-12\">\n<p>Birden fazla pili \u015farj etme hub\u0131,\u00a0DJI Phantom 4\u00a0ak\u0131ll\u0131 pilleri \u015farj etmek i\u00e7in kullan\u0131l\u0131r\u00a0.\u00a0Bu \u015farj cihaz\u0131 sayesinde, \u015fu anda en \u015farjl\u0131 olandan ba\u015flayarak 3 pili de \u015farj edebiliriz.\u00a0Dahili depolama modu, pilleri saklaman\u0131z tavsiye edilen g\u00fcvenli bir kapasiteye de\u015farj etmenizi sa\u011flar.<\/p>\n<p>&nbsp;<\/p>\n<\/div>\n","protected":false},"excerpt":{"rendered":"<p>Birden fazla pili \u015farj etme hub\u0131,\u00a0DJI Phantom 4\u00a0ak\u0131ll\u0131 pilleri \u015farj etmek i\u00e7in kullan\u0131l\u0131r\u00a0.\u00a0Bu \u015farj cihaz\u0131 sayesinde, \u015fu anda en \u015farjl\u0131 olandan ba\u015flayarak 3 pili de \u015farj edebiliriz.\u00a0Dahili depolama modu, pilleri saklaman\u0131z tavsiye edilen g\u00fcvenli bir kapasiteye de\u015farj etmenizi sa\u011flar. &nbsp;<\/p>\n","protected":false},"featured_media":9955,"comment_status":"open","ping_status":"closed","template":"","meta":[],"product_cat":[304,239],"product_tag":[],"_links":{"self":[{"href":"https:\/\/soleilsky.com.tr\/shop\/wp-json\/wp\/v2\/product\/9954"}],"collection":[{"href":"https:\/\/soleilsky.com.tr\/shop\/wp-json\/wp\/v2\/product"}],"about":[{"href":"https:\/\/soleilsky.com.tr\/shop\/wp-json\/wp\/v2\/types\/product"}],"replies":[{"embeddable":true,"href":"https:\/\/soleilsky.com.tr\/shop\/wp-json\/wp\/v2\/comments?post=9954"}],"wp:featuredmedia":[{"embeddable":true,"href":"https:\/\/soleilsky.com.tr\/shop\/wp-json\/wp\/v2\/media\/9955"}],"wp:attachment":[{"href":"https:\/\/soleilsky.com.tr\/shop\/wp-json\/wp\/v2\/media?parent=9954"}],"wp:term":[{"taxonomy":"product_cat","embeddable":true,"href":"https:\/\/soleilsky.com.tr\/shop\/wp-json\/wp\/v2\/product_cat?post=9954"},{"taxonomy":"product_tag","embeddable":true,"href":"https:\/\/soleilsky.com.tr\/shop\/wp-json\/wp\/v2\/product_tag?post=9954"}],"curies":[{"name":"wp","href":"https:\/\/api.w.org\/{rel}","templated":true}]}}