{"id":9956,"date":"2022-10-09T10:06:48","date_gmt":"2022-10-09T10:06:48","guid":{"rendered":"https:\/\/soleilsky.com.tr\/shop\/?post_type=product&#038;p=9956"},"modified":"2023-10-02T14:34:08","modified_gmt":"2023-10-02T14:34:08","slug":"dji-phantom-4-power-adapter-100w-part9-without-ac-cable","status":"publish","type":"product","link":"https:\/\/soleilsky.com.tr\/shop\/urun\/dji-phantom-4-power-adapter-100w-part9-without-ac-cable\/","title":{"rendered":"DJI Phantom 4 Power Adapter 100W Part9 Without AC Cable"},"content":{"rendered":"<p>Phantom 4 Serisi Pil \u015earj Cihaz\u0131, Phantom 4 Ak\u0131ll\u0131 U\u00e7u\u015f Pilini ve uzaktan kumanday\u0131 bir elektrik prizine ba\u011flayarak \u015farj etmek i\u00e7in kullan\u0131l\u0131r. Phantom 4 Ak\u0131ll\u0131 U\u00e7u\u015f Ak\u00fcn\u00fcn tam \u015farj olmas\u0131 yakla\u015f\u0131k 1 saat 10 dakika s\u00fcrer.<\/p>\n<h5>\u0130pu\u00e7lar\u0131<\/h5>\n<p>Bu \u015farj cihaz\u0131 AC kablolar i\u00e7ermez.<\/p>\n<h5>Kutuda<\/h5>\n<p>Phantom 4 Serisi &#8211; 100W Pil \u015earj Aleti (AC Kablosu Olmadan) \u00d7 1<\/p>\n<h5>\u00d6zellikler<\/h5>\n<p>Gerilim: 17,4 V<br \/>\nNominal G\u00fc\u00e7: 100 W<\/p>\n<h5>Uyumluluk<\/h5>\n<p>Phantom 4 Serisi<br \/>\nPhantom 4 Serisi &#8211; Ak\u0131ll\u0131 U\u00e7u\u015f Pili (5870mAh, Y\u00fcksek Kapasiteli)<br \/>\nPhantom 4 Serisi &#8211; Ak\u0131ll\u0131 U\u00e7u\u015f Pili (5350mAh)<br \/>\nPhantom 4 Serisi &#8211; Pil \u015earj Merkezi<br \/>\nMavic &#8211; Pil \u015earj H\u00fccresi (Geli\u015fmi\u015f)<br \/>\nPhantom 4 Serisi &#8211; 100W AC G\u00fc\u00e7 Adapt\u00f6r\u00fc Kablosu<\/p>\n<p>&nbsp;<\/p>\n","protected":false},"excerpt":{"rendered":"<p>Phantom 4 Serisi Pil \u015earj Cihaz\u0131, Phantom 4 Ak\u0131ll\u0131 U\u00e7u\u015f Pilini ve uzaktan kumanday\u0131 bir elektrik prizine ba\u011flayarak \u015farj etmek i\u00e7in kullan\u0131l\u0131r. Phantom 4 Ak\u0131ll\u0131 U\u00e7u\u015f Ak\u00fcn\u00fcn tam \u015farj olmas\u0131 yakla\u015f\u0131k 1 saat 10 dakika s\u00fcrer. \u0130pu\u00e7lar\u0131 Bu \u015farj cihaz\u0131 AC kablolar i\u00e7ermez. Kutuda Phantom 4 Serisi &#8211; 100W Pil \u015earj Aleti (AC Kablosu Olmadan)&#8230;<\/p>\n","protected":false},"featured_media":9957,"comment_status":"open","ping_status":"closed","template":"","meta":[],"product_cat":[304,239],"product_tag":[],"_links":{"self":[{"href":"https:\/\/soleilsky.com.tr\/shop\/wp-json\/wp\/v2\/product\/9956"}],"collection":[{"href":"https:\/\/soleilsky.com.tr\/shop\/wp-json\/wp\/v2\/product"}],"about":[{"href":"https:\/\/soleilsky.com.tr\/shop\/wp-json\/wp\/v2\/types\/product"}],"replies":[{"embeddable":true,"href":"https:\/\/soleilsky.com.tr\/shop\/wp-json\/wp\/v2\/comments?post=9956"}],"wp:featuredmedia":[{"embeddable":true,"href":"https:\/\/soleilsky.com.tr\/shop\/wp-json\/wp\/v2\/media\/9957"}],"wp:attachment":[{"href":"https:\/\/soleilsky.com.tr\/shop\/wp-json\/wp\/v2\/media?parent=9956"}],"wp:term":[{"taxonomy":"product_cat","embeddable":true,"href":"https:\/\/soleilsky.com.tr\/shop\/wp-json\/wp\/v2\/product_cat?post=9956"},{"taxonomy":"product_tag","embeddable":true,"href":"https:\/\/soleilsky.com.tr\/shop\/wp-json\/wp\/v2\/product_tag?post=9956"}],"curies":[{"name":"wp","href":"https:\/\/api.w.org\/{rel}","templated":true}]}}