{"id":9964,"date":"2022-10-09T11:04:54","date_gmt":"2022-10-09T11:04:54","guid":{"rendered":"https:\/\/soleilsky.com.tr\/shop\/?post_type=product&#038;p=9964"},"modified":"2024-06-02T09:50:20","modified_gmt":"2024-06-02T09:50:20","slug":"dji-crystalsky-wb37-akilli-batarya","status":"publish","type":"product","link":"https:\/\/soleilsky.com.tr\/shop\/urun\/dji-crystalsky-wb37-akilli-batarya\/","title":{"rendered":"DJI Crystalsky WB37 Ak\u0131ll\u0131 Batarya"},"content":{"rendered":"<p><b>DJI Crystalsky WB37 Ak\u0131ll\u0131 Yedek Batarya<\/b><\/p>\n<hr \/>\n<p>DJI FPV Uzaktan Kumanda, CrystalSky monit\u00f6rleri ve Cendence uzaktan kumandas\u0131 ile uyumlu olan bu 2s 4920 mAh pil, d\u00fc\u015f\u00fck s\u0131cakl\u0131klarda m\u00fckemmel de\u015farj performans\u0131na sahiptir ve h\u0131zl\u0131 bir \u015fekilde \u015farj olur. Bir batarya, DJI FPV Uzaktan Kumanda i\u00e7in yedi bu\u00e7uk saat, 7.85 &#8220;CrystalSky monit\u00f6r i\u00e7in d\u00f6rt ila be\u015f saat, 5.5&#8221; CrystalSky monit\u00f6r i\u00e7in be\u015f ila alt\u0131 saat ve bir Cendence uzaktan kumanda i\u00e7in d\u00f6rt saat \u00e7al\u0131\u015fma s\u00fcresi sunuyor .<\/p>\n<p>Kutuda<br \/>\nAk\u0131ll\u0131 Batarya \u00d7 1<\/p>\n<p>\u00d6zellikler<br \/>\nKapasite: 4920 mAh<br \/>\nGerilim: 7,6 V<br \/>\nPil T\u00fcr\u00fc: LiPo<br \/>\nEnerji: 37,39 Wh<\/p>\n<hr \/>\n<p>Uyumluluk:<br \/>\n\u2022 DJI FPV Uzaktan Kumanda<br \/>\n\u2022 CrystalSky<br \/>\n\u2022 Cendence<br \/>\n\u2022 CrystalSky &amp; Cendence &#8211; Ak\u00fc \u015earj Merkezi<\/p>\n","protected":false},"excerpt":{"rendered":"<p>DJI Crystalsky WB37 Ak\u0131ll\u0131 Yedek Batarya DJI FPV Uzaktan Kumanda, CrystalSky monit\u00f6rleri ve Cendence uzaktan kumandas\u0131 ile uyumlu olan bu 2s 4920 mAh pil, d\u00fc\u015f\u00fck s\u0131cakl\u0131klarda m\u00fckemmel de\u015farj performans\u0131na sahiptir ve h\u0131zl\u0131 bir \u015fekilde \u015farj olur. Bir batarya, DJI FPV Uzaktan Kumanda i\u00e7in yedi bu\u00e7uk saat, 7.85 &#8220;CrystalSky monit\u00f6r i\u00e7in d\u00f6rt ila be\u015f saat, 5.5&#8221;&#8230;<\/p>\n","protected":false},"featured_media":9965,"comment_status":"open","ping_status":"closed","template":"","meta":[],"product_cat":[239],"product_tag":[],"_links":{"self":[{"href":"https:\/\/soleilsky.com.tr\/shop\/wp-json\/wp\/v2\/product\/9964"}],"collection":[{"href":"https:\/\/soleilsky.com.tr\/shop\/wp-json\/wp\/v2\/product"}],"about":[{"href":"https:\/\/soleilsky.com.tr\/shop\/wp-json\/wp\/v2\/types\/product"}],"replies":[{"embeddable":true,"href":"https:\/\/soleilsky.com.tr\/shop\/wp-json\/wp\/v2\/comments?post=9964"}],"wp:featuredmedia":[{"embeddable":true,"href":"https:\/\/soleilsky.com.tr\/shop\/wp-json\/wp\/v2\/media\/9965"}],"wp:attachment":[{"href":"https:\/\/soleilsky.com.tr\/shop\/wp-json\/wp\/v2\/media?parent=9964"}],"wp:term":[{"taxonomy":"product_cat","embeddable":true,"href":"https:\/\/soleilsky.com.tr\/shop\/wp-json\/wp\/v2\/product_cat?post=9964"},{"taxonomy":"product_tag","embeddable":true,"href":"https:\/\/soleilsky.com.tr\/shop\/wp-json\/wp\/v2\/product_tag?post=9964"}],"curies":[{"name":"wp","href":"https:\/\/api.w.org\/{rel}","templated":true}]}}