{"id":9966,"date":"2022-10-09T11:07:26","date_gmt":"2022-10-09T11:07:26","guid":{"rendered":"https:\/\/soleilsky.com.tr\/shop\/?post_type=product&#038;p=9966"},"modified":"2023-03-08T13:24:52","modified_gmt":"2023-03-08T13:24:52","slug":"dji-wingsland-z15-gimbal-spotlight","status":"publish","type":"product","link":"https:\/\/soleilsky.com.tr\/shop\/urun\/dji-wingsland-z15-gimbal-spotlight\/","title":{"rendered":"DJI Wingsland Z15 Gimbal Spotlight"},"content":{"rendered":"<h3 class=\"title\">\u00dcr\u00fcn Detaylar\u0131<\/h3>\n<div class=\"editor\">\n<p>Wingsland Z15, y\u00fcksek g\u00fc\u00e7l\u00fc boncuklara sahip parlak, 3 eksenli stabilize bir gimbal spot \u0131\u015f\u0131\u011f\u0131d\u0131r.\u00a0DJI SkyPort ile g\u00fc\u00e7lendirilmi\u015f, 150 m&#8217;ye kadar bir \u00e7al\u0131\u015fma aral\u0131\u011f\u0131na sahiptir ve DJI Matrice 200 Serisi V1 ve V2 dronlar\u0131na kolayca entegre edilebilir, yang\u0131nla m\u00fccadele, acil durum m\u00fcdahalesi, kolluk kuvvetleri ve kullan\u0131c\u0131lar i\u00e7in alan\u0131 gece veya d\u00fc\u015f\u00fck \u0131\u015f\u0131k ko\u015fullar\u0131nda ayd\u0131nlatabilir. \u00d6te.<\/p>\n<div class=\"page\" title=\"Sayfa 4\">\n<div class=\"layoutArea\">\n<div class=\"column\">\n<h2><strong>\u00d6zellikler<\/strong><\/h2>\n<p><strong>\u00c7ift Ak\u0131ll\u0131 Korumay\u0131 Destekler<\/strong><\/p>\n<p>150 m Maks. Menzil Maks. G\u00fc\u00e7 48 W A\u015fa\u011f\u0131 Gimballer<\/p>\n<p><strong>modlar<\/strong><\/p>\n<p>Farkl\u0131 ortamlar ve uygulamalar i\u00e7in Her Zaman a\u00e7\u0131k, Yan\u0131p S\u00f6nen ve SOS modlar\u0131 aras\u0131nda ge\u00e7i\u015f yap\u0131n.<\/p>\n<p><strong>Hava So\u011futma Sistemi<\/strong><\/p>\n<p>Yerle\u015fik hava so\u011futma sistemi, s\u00fcrekli \u0131s\u0131 yayarak spot \u0131\u015f\u0131\u011f\u0131n a\u015f\u0131r\u0131 \u0131s\u0131nmas\u0131n\u0131 \u00f6nler.<\/p>\n<p><strong>Ak\u0131ll\u0131 Koruma<\/strong><\/p>\n<p>Wingsland Z15 a\u015f\u0131r\u0131 \u0131s\u0131nmaya kar\u015f\u0131 korumal\u0131d\u0131r.\u00a0Sistem, i\u00e7 s\u0131cakl\u0131k 90\u00b0C&#8217;yi a\u015ft\u0131\u011f\u0131nda otomatik olarak ayarlayacakt\u0131r.<\/p>\n<p><strong>\u00c7ift A\u015fa\u011f\u0131 Gimbal&#8217;lar\u0131 Destekler<\/strong><\/p>\n<p>Wingsland Z15, operasyonlar\u0131 ayd\u0131nlatmaya yard\u0131mc\u0131 olan \u00e7ift a\u015fa\u011f\u0131 yalpa i\u00e7eren DJI u\u00e7aklar\u0131nda DJI Zenmuse y\u00fckleriyle kullan\u0131labilir.<\/p>\n<\/div>\n<\/div>\n<\/div>\n<div class=\"page\" title=\"Sayfa 4\">\n<div class=\"layoutArea\">\n<div class=\"column\">\n<h2><strong>Uygulamalar<\/strong><\/h2>\n<\/div>\n<\/div>\n<\/div>\n<div class=\"page\" title=\"Sayfa 5\">\n<div class=\"layoutArea\">\n<div class=\"column\">\n<p><strong>Kamu g\u00fcvenli\u011fi<\/strong><\/p>\n<p>Y\u00fcksek parlakl\u0131\u011f\u0131 ve uzun \u00e7al\u0131\u015fma aral\u0131\u011f\u0131 sayesinde Wingsland Z15, kamu g\u00fcvenli\u011fi g\u00f6revlilerine pek \u00e7ok farkl\u0131 g\u00f6rev t\u00fcr\u00fcnde d\u00fc\u015f\u00fck \u0131\u015f\u0131k ko\u015fullar\u0131nda \u00f6nemli g\u00f6r\u00fcn\u00fcrl\u00fck sa\u011flar ve ekiplerin geni\u015f bir alanda havadan bir genel bak\u0131\u015f elde etmesine yard\u0131mc\u0131 olur.\u00a0Baz\u0131 uygulamalar \u015funlar\u0131 i\u00e7erir:<br \/>\n\u0130tfaiye: bir yang\u0131n veya do\u011fal afet sonras\u0131nda halk\u0131 g\u00fcvenli bir yere y\u00f6nlendirmek i\u00e7in bir yolu ayd\u0131nlat\u0131n.\u00a0Acil M\u00fcdahale\/Arama ve Kurtarma: G\u00f6r\u00fc\u015f mesafesi d\u00fc\u015f\u00fck oldu\u011funda ula\u015f\u0131lmas\u0131 zor alanlarda kay\u0131p ki\u015fileri bulun.<\/p>\n<p><strong>Kanun Y\u00fcr\u00fctme.<\/strong><\/p>\n<p>Kalabal\u0131k y\u00f6netimi, adli incelemeler veya rutin devriyeler i\u00e7in esnek bir \u0131\u015f\u0131k kayna\u011f\u0131 olarak hareket edin.<\/p>\n<p><strong>Altyap\u0131\/Tesis Onar\u0131m ve Bak\u0131m<\/strong><\/p>\n<p>Geceleri elektrik aniden kesildi\u011finde veya yap\u0131lar \u00e7\u00f6kt\u00fc\u011f\u00fcnde, Wingsland Z15 havadan geni\u015f bir alan\u0131 ayd\u0131nlatmak i\u00e7in kullan\u0131labilir, b\u00f6ylece acil onar\u0131mlar verimli ve zaman\u0131nda yap\u0131labilir.\u00a0Bu hem halk\u0131 hem de personeli g\u00fcvende tutman\u0131n yan\u0131 s\u0131ra maliyetlerden tasarruf etmeye yard\u0131mc\u0131 olacakt\u0131r.<\/p>\n<div class=\"page\" title=\"Sayfa 5\">\n<div class=\"layoutArea\">\n<div class=\"column\">\n<h2><strong>\u00d6zellikler<\/strong><\/h2>\n<\/div>\n<\/div>\n<table>\n<colgroup>\n<col \/>\n<col \/><\/colgroup>\n<tbody>\n<tr>\n<td colspan=\"2\" rowspan=\"1\">\n<div class=\"layoutArea\">\n<div class=\"column\">\n<p>Genel \u00d6zellikler<\/p>\n<\/div>\n<\/div>\n<\/td>\n<\/tr>\n<tr>\n<td>\n<div class=\"layoutArea\">\n<div class=\"column\">\n<p>\u00dcr\u00fcn ad\u0131<\/p>\n<\/div>\n<\/div>\n<\/td>\n<td>\n<div class=\"layoutArea\">\n<div class=\"column\">\n<p>WINGSLAND Z15 Gimbal Spot I\u015f\u0131\u011f\u0131<\/p>\n<\/div>\n<\/div>\n<\/td>\n<\/tr>\n<tr>\n<td>\n<div class=\"layoutArea\">\n<div class=\"column\">\n<p>Ba\u011flant\u0131 Noktas\u0131 T\u00fcr\u00fc<\/p>\n<\/div>\n<\/div>\n<\/td>\n<td>\n<div class=\"layoutArea\">\n<div class=\"column\">\n<p>DJI SkyPort<\/p>\n<\/div>\n<\/div>\n<\/td>\n<\/tr>\n<tr>\n<td>\n<div class=\"layoutArea\">\n<div class=\"column\">\n<p>Boyutlar<\/p>\n<\/div>\n<\/div>\n<\/td>\n<td>\n<div class=\"layoutArea\">\n<div class=\"column\">\n<p>100 x 110 x 150 mm<\/p>\n<\/div>\n<\/div>\n<\/td>\n<\/tr>\n<tr>\n<td>\n<div class=\"layoutArea\">\n<div class=\"column\">\n<p>A\u011f\u0131rl\u0131k<\/p>\n<\/div>\n<\/div>\n<\/td>\n<td>\n<div class=\"layoutArea\">\n<div class=\"column\">\n<p>500 gr<\/p>\n<\/div>\n<\/div>\n<\/td>\n<\/tr>\n<tr>\n<td>\n<div class=\"layoutArea\">\n<div class=\"column\">\n<p>Anma g\u00fcc\u00fc<\/p>\n<\/div>\n<\/div>\n<\/td>\n<td>\n<div class=\"layoutArea\">\n<div class=\"column\">\n<p>48W<\/p>\n<\/div>\n<\/div>\n<\/td>\n<\/tr>\n<tr>\n<td colspan=\"2\" rowspan=\"1\">\n<div class=\"layoutArea\">\n<div class=\"column\">\n<p>LED I\u015f\u0131k Boncuk<\/p>\n<\/div>\n<\/div>\n<\/td>\n<\/tr>\n<tr>\n<td>\n<div class=\"layoutArea\">\n<div class=\"column\">\n<p>Gerilim<\/p>\n<\/div>\n<\/div>\n<\/td>\n<td>\n<div class=\"layoutArea\">\n<div class=\"column\">\n<p>6V<\/p>\n<\/div>\n<\/div>\n<\/td>\n<\/tr>\n<tr>\n<td>\n<div class=\"layoutArea\">\n<div class=\"column\">\n<p>G\u00fc\u00e7<\/p>\n<\/div>\n<\/div>\n<\/td>\n<td>\n<div class=\"layoutArea\">\n<div class=\"column\">\n<p>40W<\/p>\n<\/div>\n<\/div>\n<\/td>\n<\/tr>\n<tr>\n<td>\n<div class=\"layoutArea\">\n<div class=\"column\">\n<p>I\u015f\u0131k ak\u0131s\u0131<\/p>\n<\/div>\n<\/div>\n<\/td>\n<td>\n<div class=\"layoutArea\">\n<div class=\"column\">\n<p>10200 lm<\/p>\n<\/div>\n<\/div>\n<\/td>\n<\/tr>\n<tr>\n<td>\n<div class=\"layoutArea\">\n<div class=\"column\">\n<p>bak\u0131\u015f a\u00e7\u0131s\u0131<\/p>\n<\/div>\n<\/div>\n<\/td>\n<td>\n<div class=\"layoutArea\">\n<div class=\"column\">\n<p>15\u00b0<\/p>\n<\/div>\n<\/div>\n<\/td>\n<\/tr>\n<tr>\n<td>\n<div class=\"layoutArea\">\n<div class=\"column\">\n<p>\u00c7al\u0131\u015fma Aral\u0131\u011f\u0131<\/p>\n<\/div>\n<\/div>\n<\/td>\n<td>\n<div class=\"layoutArea\">\n<div class=\"column\">\n<p>150 m<\/p>\n<\/div>\n<\/div>\n<\/td>\n<\/tr>\n<tr>\n<td>\n<div class=\"layoutArea\">\n<div class=\"column\">\n<p>Alan Kapsam\u0131<\/p>\n<\/div>\n<\/div>\n<\/td>\n<td>\n<div class=\"layoutArea\">\n<div class=\"column\">\n<p>1863 m2 @ 120 m;\u00a0323 m2 @ 50 m<\/p>\n<\/div>\n<\/div>\n<\/td>\n<\/tr>\n<tr>\n<td>\n<div class=\"layoutArea\">\n<div class=\"column\">\n<p>ayd\u0131nl\u0131k<\/p>\n<\/div>\n<\/div>\n<\/td>\n<td>\n<div class=\"layoutArea\">\n<div class=\"column\">\n<p>4 l\u00fcks @120m;\u00a011 l\u00fcks @ 60 m;\u00a047 l\u00fcks@30 m<\/p>\n<\/div>\n<\/div>\n<\/td>\n<\/tr>\n<tr>\n<td colspan=\"2\" rowspan=\"1\">\n<div class=\"layoutArea\">\n<div class=\"column\">\n<p>gimbal<\/p>\n<\/div>\n<\/div>\n<\/td>\n<\/tr>\n<tr>\n<td>\n<div class=\"layoutArea\">\n<div class=\"column\">\n<p>A\u00e7\u0131sal Titre\u015fim Aral\u0131\u011f\u0131<\/p>\n<\/div>\n<\/div>\n<\/td>\n<td>\n<div class=\"layoutArea\">\n<div class=\"column\">\n<p>\u00b10.02\u00b0<\/p>\n<\/div>\n<\/div>\n<\/td>\n<\/tr>\n<tr>\n<td>\n<div class=\"layoutArea\">\n<div class=\"column\">\n<p>Montaj<\/p>\n<\/div>\n<\/div>\n<\/td>\n<td>\n<div class=\"layoutArea\">\n<div class=\"column\">\n<p>ayr\u0131labilir<\/p>\n<\/div>\n<\/div>\n<\/td>\n<\/tr>\n<\/tbody>\n<\/table>\n<p>&nbsp;<\/p>\n<\/div>\n<div class=\"page\" title=\"Sayfa 6\">\n<table>\n<colgroup>\n<col \/>\n<col \/><\/colgroup>\n<tbody>\n<tr>\n<td>\n<div class=\"layoutArea\">\n<div class=\"column\">\n<p>Kontrol Edilebilir Menzil<\/p>\n<\/div>\n<\/div>\n<\/td>\n<td>\n<div class=\"layoutArea\">\n<div class=\"column\">\n<p>E\u011fim: -90\u00b0 ila +90\u00b0, Sapma: \u00b1170\u00b0<\/p>\n<\/div>\n<\/div>\n<\/td>\n<\/tr>\n<tr>\n<td>\n<div class=\"layoutArea\">\n<div class=\"column\">\n<p>Maksimum Kontrol H\u0131z\u0131<\/p>\n<\/div>\n<\/div>\n<\/td>\n<td>\n<div class=\"layoutArea\">\n<div class=\"column\">\n<p>E\u011fim: 60\u00b0\/sn, Sapma: 60\u00b0\/sn<\/p>\n<\/div>\n<\/div>\n<\/td>\n<\/tr>\n<tr>\n<td colspan=\"2\" rowspan=\"1\">\n<div class=\"layoutArea\">\n<div class=\"column\">\n<p>S\u0131cakl\u0131k Parametreleri<\/p>\n<\/div>\n<\/div>\n<\/td>\n<\/tr>\n<tr>\n<td>\n<div class=\"layoutArea\">\n<div class=\"column\">\n<p>\u00c7al\u0131\u015fma s\u0131cakl\u0131\u011f\u0131<\/p>\n<\/div>\n<\/div>\n<\/td>\n<td>\n<div class=\"layoutArea\">\n<div class=\"column\">\n<p>-10 \u00b0C ila 50 \u00b0C<\/p>\n<\/div>\n<\/div>\n<\/td>\n<\/tr>\n<tr>\n<td>\n<div class=\"layoutArea\">\n<div class=\"column\">\n<p>Depolama s\u0131cakl\u0131\u011f\u0131<\/p>\n<\/div>\n<\/div>\n<\/td>\n<td>\n<div class=\"layoutArea\">\n<div class=\"column\">\n<p>-20 \u00b0C ila 60 \u00b0C<\/p>\n<\/div>\n<\/div>\n<\/td>\n<\/tr>\n<\/tbody>\n<\/table>\n<\/div>\n<\/div>\n<p>&nbsp;<\/p>\n<div class=\"column\">\n<div class=\"page\" title=\"Sayfa 6\">\n<div class=\"layoutArea\">\n<div class=\"column\">\n<h2><strong>Uyumlu \u00dcr\u00fcnler<\/strong><\/h2>\n<p>DJI Matrice 200 Serisi, Matrice 200 Serisi V2<\/p>\n<h2><strong>DJI Pilotu<\/strong><\/h2>\n<p>Wingsland Z15, DJI PILOT uygulamas\u0131 kullan\u0131larak kontrol edilebilir.\u00a0M210, M210 V2, M210 RTK ve M210 RTK V2 dahil olmak \u00fczere \u00e7ift a\u015fa\u011f\u0131 gimbal i\u00e7eren modellerde hem Wingsland hem de DJI Zenmuse y\u00fcklerinin kullan\u0131m\u0131n\u0131 destekler.<\/p>\n<\/div>\n<\/div>\n<\/div>\n<\/div>\n<\/div>\n<\/div>\n<\/div>\n","protected":false},"excerpt":{"rendered":"<p>\u00dcr\u00fcn Detaylar\u0131 Wingsland Z15, y\u00fcksek g\u00fc\u00e7l\u00fc boncuklara sahip parlak, 3 eksenli stabilize bir gimbal spot \u0131\u015f\u0131\u011f\u0131d\u0131r.\u00a0DJI SkyPort ile g\u00fc\u00e7lendirilmi\u015f, 150 m&#8217;ye kadar bir \u00e7al\u0131\u015fma aral\u0131\u011f\u0131na sahiptir ve DJI Matrice 200 Serisi V1 ve V2 dronlar\u0131na kolayca entegre edilebilir, yang\u0131nla m\u00fccadele, acil durum m\u00fcdahalesi, kolluk kuvvetleri ve kullan\u0131c\u0131lar i\u00e7in alan\u0131 gece veya d\u00fc\u015f\u00fck \u0131\u015f\u0131k ko\u015fullar\u0131nda ayd\u0131nlatabilir&#8230;.<\/p>\n","protected":false},"featured_media":9967,"comment_status":"open","ping_status":"closed","template":"","meta":[],"product_cat":[681],"product_tag":[],"_links":{"self":[{"href":"https:\/\/soleilsky.com.tr\/shop\/wp-json\/wp\/v2\/product\/9966"}],"collection":[{"href":"https:\/\/soleilsky.com.tr\/shop\/wp-json\/wp\/v2\/product"}],"about":[{"href":"https:\/\/soleilsky.com.tr\/shop\/wp-json\/wp\/v2\/types\/product"}],"replies":[{"embeddable":true,"href":"https:\/\/soleilsky.com.tr\/shop\/wp-json\/wp\/v2\/comments?post=9966"}],"wp:featuredmedia":[{"embeddable":true,"href":"https:\/\/soleilsky.com.tr\/shop\/wp-json\/wp\/v2\/media\/9967"}],"wp:attachment":[{"href":"https:\/\/soleilsky.com.tr\/shop\/wp-json\/wp\/v2\/media?parent=9966"}],"wp:term":[{"taxonomy":"product_cat","embeddable":true,"href":"https:\/\/soleilsky.com.tr\/shop\/wp-json\/wp\/v2\/product_cat?post=9966"},{"taxonomy":"product_tag","embeddable":true,"href":"https:\/\/soleilsky.com.tr\/shop\/wp-json\/wp\/v2\/product_tag?post=9966"}],"curies":[{"name":"wp","href":"https:\/\/api.w.org\/{rel}","templated":true}]}}