{"id":9992,"date":"2022-10-24T11:31:18","date_gmt":"2022-10-24T11:31:18","guid":{"rendered":"https:\/\/soleilsky.com.tr\/shop\/?post_type=product&#038;p=9992"},"modified":"2023-07-12T15:57:09","modified_gmt":"2023-07-12T15:57:09","slug":"dji-mavic-3-enterprise-rtk-modul","status":"publish","type":"product","link":"https:\/\/soleilsky.com.tr\/shop\/urun\/dji-mavic-3-enterprise-rtk-modul\/","title":{"rendered":"DJI Mavic 3 Enterprise RTK Mod\u00fcl"},"content":{"rendered":"<p>&nbsp;<\/p>\n<ul>\n<li><b>Mod\u00fcl, Mavic 3E ve Mavic 3T i\u00e7in daha do\u011fru drone verileri sa\u011flayan \u00f6nemli bir aksesuard\u0131r;<\/b><\/li>\n<li><strong>Y\u00fcksek hassasiyetli RGB \u00f6l\u00e7\u00fcm verileri i\u00e7in Mavic 3E ile RTK Mod\u00fcl\u00fcn\u00fcn kullan\u0131lmas\u0131 \u00f6nerilir;<\/strong><\/li>\n<li><b>Mavic 3T ile kullan\u0131ld\u0131\u011f\u0131nda, RTK Mod\u00fcl\u00fc, inceleme ara\u015ft\u0131rmalar\u0131nda ve termal haritalamada geli\u015fmi\u015f co\u011frafi referans do\u011frulu\u011fu sa\u011flar;<\/b><\/li>\n<li><b>Mavic 3 Enterprise RTK Mod\u00fcl\u00fc, Mavic 2 Enterprise Advanced i\u00e7in e\u015fde\u011ferinden daha hafif ve daha k\u00fc\u00e7\u00fckt\u00fcr;<\/b><\/li>\n<li><strong>RTK Mod\u00fcl\u00fcn\u00fcn nas\u0131l kurulaca\u011f\u0131 ve etkinle\u015ftirilece\u011fi ve \u00f6zel a\u011f RTK&#8217;si ve DJI D-RTK 2 Mobil \u0130stasyonu ile nas\u0131l kullan\u0131laca\u011f\u0131 hakk\u0131nda ad\u0131m ad\u0131m k\u0131lavuzu okuyun.<\/strong><\/li>\n<\/ul>\n","protected":false},"excerpt":{"rendered":"<p>&nbsp; Mod\u00fcl, Mavic 3E ve Mavic 3T i\u00e7in daha do\u011fru drone verileri sa\u011flayan \u00f6nemli bir aksesuard\u0131r; Y\u00fcksek hassasiyetli RGB \u00f6l\u00e7\u00fcm verileri i\u00e7in Mavic 3E ile RTK Mod\u00fcl\u00fcn\u00fcn kullan\u0131lmas\u0131 \u00f6nerilir; Mavic 3T ile kullan\u0131ld\u0131\u011f\u0131nda, RTK Mod\u00fcl\u00fc, inceleme ara\u015ft\u0131rmalar\u0131nda ve termal haritalamada geli\u015fmi\u015f co\u011frafi referans do\u011frulu\u011fu sa\u011flar; Mavic 3 Enterprise RTK Mod\u00fcl\u00fc, Mavic 2 Enterprise Advanced i\u00e7in&#8230;<\/p>\n","protected":false},"featured_media":9993,"comment_status":"open","ping_status":"closed","template":"","meta":[],"product_cat":[681,304],"product_tag":[],"_links":{"self":[{"href":"https:\/\/soleilsky.com.tr\/shop\/wp-json\/wp\/v2\/product\/9992"}],"collection":[{"href":"https:\/\/soleilsky.com.tr\/shop\/wp-json\/wp\/v2\/product"}],"about":[{"href":"https:\/\/soleilsky.com.tr\/shop\/wp-json\/wp\/v2\/types\/product"}],"replies":[{"embeddable":true,"href":"https:\/\/soleilsky.com.tr\/shop\/wp-json\/wp\/v2\/comments?post=9992"}],"wp:featuredmedia":[{"embeddable":true,"href":"https:\/\/soleilsky.com.tr\/shop\/wp-json\/wp\/v2\/media\/9993"}],"wp:attachment":[{"href":"https:\/\/soleilsky.com.tr\/shop\/wp-json\/wp\/v2\/media?parent=9992"}],"wp:term":[{"taxonomy":"product_cat","embeddable":true,"href":"https:\/\/soleilsky.com.tr\/shop\/wp-json\/wp\/v2\/product_cat?post=9992"},{"taxonomy":"product_tag","embeddable":true,"href":"https:\/\/soleilsky.com.tr\/shop\/wp-json\/wp\/v2\/product_tag?post=9992"}],"curies":[{"name":"wp","href":"https:\/\/api.w.org\/{rel}","templated":true}]}}